{"id":202,"date":"2025-02-16T21:25:22","date_gmt":"2025-02-16T21:25:22","guid":{"rendered":"https:\/\/shop.denkunternehmung.de\/?post_type=product&#038;p=202"},"modified":"2025-02-23T19:48:17","modified_gmt":"2025-02-23T19:48:17","slug":"202","status":"publish","type":"product","link":"https:\/\/shop.denkunternehmung.de\/?product=202","title":{"rendered":"Jede Kunst sollte politisch sein. Bernhard B\u00f6ttner zum 100. Geburtstag"},"content":{"rendered":"<p><strong>Musik ist mehr als Klang \u2013 sie ist Haltung.<br \/>\n<\/strong><\/p>\n<p>Von April 2005 bis August 2006 f\u00fchrte das Institut Denkunternehmung unter der Leitung von Raphael Woebs 18 Interviews mit dem Konzertpianisten, Klavierp\u00e4dagogen, Forscher und Festivalleiter Bernhard B\u00f6ttner durch.<br \/>\nAlle Gespr\u00e4che fanden im Ochsenfurter Torturm in Sommerhausen statt und wurden von Tim Becker aufgezeichnet.<br \/>\nDie Interviews dienen der Dokumentation des vielseitigen Lebenswerks B\u00f6ttners und bilden eine wichtige Grundlage f\u00fcr die weitere wissenschaftliche Auswertung.<\/p>\n<p>Im Jahr 2024 w\u00e4re Bernhard B\u00f6ttner 100 Jahre alt geworden. Aus diesem Anlass ver\u00f6ffentlichen wir eine dokumentarische Transkription aus dem 7. Gepr\u00e4ch vom 15. September 2005, in welchem es vorwiegend um die Konzertt\u00e4tigkeit B\u00f6ttners ging.<\/p>\n<p>Becker, Tim; Woebs, Raphael (Hg.): Jede Kunst sollte politisch sein. Bernhard B\u00f6ttner zum 100. Geburtstag, ePub, Daun &amp; Bayreuth 2025.<\/p>\n<p><a href=\"https:\/\/shop.denkunternehmung.de\/wp-content\/uploads\/2025\/02\/Bernhard-Boettner-100.pdf\">Sie k\u00f6nnen die Publikation hier kostenlos herunterladen.<\/a><\/p>\n","protected":false},"excerpt":{"rendered":"<p>Musik ist mehr als Klang \u2013 sie ist Haltung. Von April 2005 bis August 2006 f\u00fchrte das Institut Denkunternehmung unter der Leitung von Raphael Woebs 18 Interviews mit dem Konzertpianisten, Klavierp\u00e4dagogen, Forscher und Festivalleiter Bernhard B\u00f6ttner durch. Alle Gespr\u00e4che fanden im Ochsenfurter Torturm in Sommerhausen statt und wurden von Tim Becker aufgezeichnet. Die Interviews dienen [&hellip;]<\/p>\n","protected":false},"featured_media":209,"template":"","meta":[],"product_brand":[],"product_cat":[19],"product_tag":[],"class_list":{"0":"post-202","1":"product","2":"type-product","3":"status-publish","4":"has-post-thumbnail","6":"product_cat-genealogie","8":"first","9":"instock","10":"downloadable","11":"purchasable","12":"product-type-simple"},"jetpack_sharing_enabled":true,"_links":{"self":[{"href":"https:\/\/shop.denkunternehmung.de\/index.php?rest_route=\/wp\/v2\/product\/202","targetHints":{"allow":["GET"]}}],"collection":[{"href":"https:\/\/shop.denkunternehmung.de\/index.php?rest_route=\/wp\/v2\/product"}],"about":[{"href":"https:\/\/shop.denkunternehmung.de\/index.php?rest_route=\/wp\/v2\/types\/product"}],"wp:featuredmedia":[{"embeddable":true,"href":"https:\/\/shop.denkunternehmung.de\/index.php?rest_route=\/wp\/v2\/media\/209"}],"wp:attachment":[{"href":"https:\/\/shop.denkunternehmung.de\/index.php?rest_route=%2Fwp%2Fv2%2Fmedia&parent=202"}],"wp:term":[{"taxonomy":"product_brand","embeddable":true,"href":"https:\/\/shop.denkunternehmung.de\/index.php?rest_route=%2Fwp%2Fv2%2Fproduct_brand&post=202"},{"taxonomy":"product_cat","embeddable":true,"href":"https:\/\/shop.denkunternehmung.de\/index.php?rest_route=%2Fwp%2Fv2%2Fproduct_cat&post=202"},{"taxonomy":"product_tag","embeddable":true,"href":"https:\/\/shop.denkunternehmung.de\/index.php?rest_route=%2Fwp%2Fv2%2Fproduct_tag&post=202"}],"curies":[{"name":"wp","href":"https:\/\/api.w.org\/{rel}","templated":true}]}}