{"id":215,"date":"2025-07-11T13:07:07","date_gmt":"2025-07-11T13:07:07","guid":{"rendered":"https:\/\/shop.denkunternehmung.de\/?post_type=product&#038;p=215"},"modified":"2025-07-11T13:41:11","modified_gmt":"2025-07-11T13:41:11","slug":"grosse-genealogie-der-pianistik-wandbild-alu-dibond","status":"publish","type":"product","link":"https:\/\/shop.denkunternehmung.de\/?product=grosse-genealogie-der-pianistik-wandbild-alu-dibond","title":{"rendered":"Gro\u00dfe Genealogie der Pianistik | Wandbild (Alu-Dibond)"},"content":{"rendered":"<div class=\"flex_column av_one_third flex_column_div av-zero-column-padding avia-builder-el-4 el_after_av_two_third el_before_av_one_third \">\n<section class=\"av_textblock_section \">\n<div class=\"avia_textblock \">\n<h4>Nach 20 Jahren wird eine der au\u00dfergew\u00f6hnlichsten und zugleich faszinierendsten Publikationen zur Musikgeschichte jetzt wieder erh\u00e4ltlich sein:<\/h4>\n<p>Das <em>Institut Denkunternehmung<\/em> gibt aktuell die originale <strong>Gro\u00dfe Genealogie der Pianistik<\/strong> von Prof. Bernhard B\u00f6ttner (1924-2013) als Poster-Diagramm mit erl\u00e4uterndem Beiheft in einer digital restaurierten Fassung neu heraus.<\/p>\n<p>Bei diesem historischen Basislehrwerk handelt es sich um einen internationalen Lehrer-Sch\u00fcler-Stammbaum aus \u00fcber 400 Jahren Klaviermusikgeschichte. In akribischer Detailarbeit gelang dem Musikforscher B\u00f6ttner dabei eine wissenschaftliche Meisterleistung \u2013 er systematisierte die nahezu unglaubliche Zahl von 1047 Pianisten-Namen als Lehrer-Sch\u00fcler-Abfolge innerhalb eines einzigen synoptischen Schaubildes!<\/p>\n<p>Erg\u00e4nzt wird dieses beeindruckende Opus summum durch eine illustrative Darstellung zur Entwicklung des Klavierbaus, der Spielmethoden und des Konzertwesens. Zudem erweist sich die dem Beiheft vorangestellte Einleitung des Stilistik-Experten B\u00f6ttner in ihrem biographischen Kontext als ein veritables Zeitdokument zur musikalischen Sozialgeschichte.<\/p>\n<p>Bernhard B\u00f6ttners kulturpolitischer Einsatz galt zeitlebens den Werken von im \u201eDritten Reich\u201c verfemten Komponisten sowie der F\u00f6rderung des k\u00fcnstlerischen Nachwuchses. F\u00fcr sein herausragendes Lebenswerk als Konzertpianist, Klavierp\u00e4dagoge, Forscher und Festivalleiter durfte er im Jahr 2005 das Bundesverdienstkreuz der Bundesrepublik Deutschland entgegennehmen.<\/p>\n<p>Aufgrund der anhaltenden Nachfrage m\u00f6chte das <em>Institut Denkunternehmung <\/em>nun die p\u00e4dagogisch \u00fcberaus wertvolle <strong>Gro\u00dfe Genealogie der Pianistik <\/strong>einer gr\u00f6\u00dftm\u00f6glichen Anzahl von Musiksch\u00fclern, Studierenden, Schul- und Hochschullehrenden sowie allen universell Musikinteressierten erneut zug\u00e4nglich machen.<\/p>\n<p>Mehr zu Bernhard B\u00f6ttner und der Genealogie der Pinaistik erfahren Sie unter:<br \/>\n<a href=\"https:\/\/denkunternehmung.com\" target=\"_blank\" rel=\"noopener\">denkunternehmung.com<\/a><\/p>\n<p>&nbsp;<\/p>\n<\/div>\n<\/section>\n<\/div>\n","protected":false},"excerpt":{"rendered":"<p>Internationaler Stammbaum der Lehrer-Sch\u00fcler-Entwicklung. Entwicklung des Klavierbaus, der Spielmethoden und des Konzertwesens Rekonstruierte Neuauflage der Fassung letzter Hand von 1999 | aus: \u201eDie pianistische Universaltechnik\u201c<\/p>\n<div><span class=\"s1\">Ausf\u00fchrung: Kaschierter Fotoabzug auf Alu-Dibond, ungerahmt<\/span><\/div>\n<div><span class=\"s1\">Format: 100 \u00d7 100 cm<\/span><\/div>\n<div><span class=\"s1\">UV-Best\u00e4ndigkeit &amp; Langlebigkeit: Der Druck ist lichtbest\u00e4ndig \u00fcber 30 Jahre im Innenraum. Die Verbundplatte ist formstabil, feuchtigkeitsresistent und f\u00fcr den dauerhaften Einsatz konzipiert.<\/span><\/div>\n<div><span class=\"s1\">Aufh\u00e4ngung: Inklusive Klemmhaltern zur sicheren und sichtbaren Wandmontage (Edelstahl, vierteilig)<\/span><\/div>\n<p>Inkl. Beiheft (Umschlag kartoniert, geheftet, ca. 32 * 22 cm).<\/p>\n<h6><strong>Die Alu-Dibond-Ausgabe ist nummeriert.<\/p>\n<p><\/strong><\/h6>\n<h5><strong>Lieferung innerhalb Deutschlands versandkostenfrei!<\/strong><\/h5>\n<p>Lieferung innerhalb der EU zzgl. 50,00 \u20ac Versandkostenpauschale. Lieferung in die USA zzgl. 100,00 \u20ac Versandkostenpauschale. (Die Sendung besteht aus zwei Bestandteilen: ein Paket mit Alu-Dibond-Ausgabe sowie eine Sendung mit Beiheft).<br \/>\nLieferung in andere L\u00e4nder auf Nachfrage unter <a href=\"mailto:genealogie@denkunternehmung.de\">genealogie@denkunternehmung.de<\/a><\/p>\n","protected":false},"featured_media":216,"template":"","meta":[],"product_brand":[],"product_cat":[19],"product_tag":[],"class_list":{"0":"post-215","1":"product","2":"type-product","3":"status-publish","4":"has-post-thumbnail","6":"product_cat-genealogie","7":"product_shipping_class-kunstdruck","9":"first","10":"instock","11":"taxable","12":"shipping-taxable","13":"purchasable","14":"product-type-simple"},"jetpack_sharing_enabled":true,"_links":{"self":[{"href":"https:\/\/shop.denkunternehmung.de\/index.php?rest_route=\/wp\/v2\/product\/215","targetHints":{"allow":["GET"]}}],"collection":[{"href":"https:\/\/shop.denkunternehmung.de\/index.php?rest_route=\/wp\/v2\/product"}],"about":[{"href":"https:\/\/shop.denkunternehmung.de\/index.php?rest_route=\/wp\/v2\/types\/product"}],"wp:featuredmedia":[{"embeddable":true,"href":"https:\/\/shop.denkunternehmung.de\/index.php?rest_route=\/wp\/v2\/media\/216"}],"wp:attachment":[{"href":"https:\/\/shop.denkunternehmung.de\/index.php?rest_route=%2Fwp%2Fv2%2Fmedia&parent=215"}],"wp:term":[{"taxonomy":"product_brand","embeddable":true,"href":"https:\/\/shop.denkunternehmung.de\/index.php?rest_route=%2Fwp%2Fv2%2Fproduct_brand&post=215"},{"taxonomy":"product_cat","embeddable":true,"href":"https:\/\/shop.denkunternehmung.de\/index.php?rest_route=%2Fwp%2Fv2%2Fproduct_cat&post=215"},{"taxonomy":"product_tag","embeddable":true,"href":"https:\/\/shop.denkunternehmung.de\/index.php?rest_route=%2Fwp%2Fv2%2Fproduct_tag&post=215"}],"curies":[{"name":"wp","href":"https:\/\/api.w.org\/{rel}","templated":true}]}}